{"id":7958,"date":"2024-12-18T01:32:51","date_gmt":"2024-12-17T22:32:51","guid":{"rendered":"https:\/\/market.jettel.com.tr\/?post_type=product&#038;p=7958"},"modified":"2026-03-09T11:22:19","modified_gmt":"2026-03-09T08:22:19","slug":"6-kullanicili-bulut-santral-yapay-zeka-destekli-aylik-kullanim","status":"publish","type":"product","link":"https:\/\/market.jettel.com.tr\/tr\/urun\/6-kullanicili-bulut-santral-yapay-zeka-destekli-aylik-kullanim\/","title":{"rendered":"6 Kullan\u0131c\u0131l\u0131 Bulut Santral, Yapay Zeka Destekli (Ayl\u0131k Kullan\u0131m)"},"content":{"rendered":"<p>Yapay Zeka Destekli Bulut Santral Y\u00f6netici\/Admin Sistem Paneli<\/p>\n<ul>\n<li>Santral Dashboard<\/li>\n<li>IVR Santral Y\u00f6netimi<\/li>\n<li>Dahili Y\u00f6netimi<\/li>\n<li>D\u0131\u015f Hat Y\u00f6netimi<\/li>\n<li>Mesai Saat Y\u00f6netimi<\/li>\n<li>Kara Liste Y\u00f6netimi<\/li>\n<li>Beyaz Liste Y\u00f6netimi<\/li>\n<li>Gelen\/Giden\/Dahili \u00c7a\u011fr\u0131 Raporlar\u0131<\/li>\n<li>Dahili \u0130statistikleri<\/li>\n<li>Sistem Durum G\u00f6r\u00fcnt\u00fcleme<\/li>\n<li>\u00c7a\u011fr\u0131 Y\u00f6netimi<\/li>\n<li>Telekonferans Y\u00f6netimi<\/li>\n<li>\u015eube ve Departman Y\u00f6netimi<\/li>\n<li>Acil Durum Senaryo \/ Y\u00f6nlendirme<\/li>\n<li>Geli\u015fmi\u015f API Servisi<\/li>\n<li>Mobil Uygulama APP<\/li>\n<li>Konum G\u00f6nderme Mod\u00fcl\u00fc<\/li>\n<li>360\u00b0 \u0130leti\u015fim ve Haberle\u015fme Sistemlerimiz<\/li>\n<li>Bulut Santral, \u00c7a\u011fr\u0131 Merkezi Yaz\u0131l\u0131m\u0131, CRM M\u00fc\u015fteri \u0130li\u015fkileri Y\u00f6netimi, WA Business, Instagram ve Facebook Messenger, Telegram, Google Business, Chatbot, Webchat, Ses Analizi (Speech Analytics) ve Kalite Y\u00f6netimi, VoIP Ses Hizmeti gibi yaz\u0131l\u0131m teknolojilerimiz ile tan\u0131\u015fmaya davet ediyoruz.<\/li>\n<\/ul>\n","protected":false},"excerpt":{"rendered":"<p>Yapay Zeka Destekli Bulut Santral Y\u00f6netici\/Admin Sistem Paneli Santral Dashboard IVR Santral Y\u00f6netimi Dahili Y\u00f6netimi D\u0131\u015f Hat Y\u00f6netimi Mesai Saat Y\u00f6netimi Kara Liste Y\u00f6netimi Beyaz Liste Y\u00f6netimi Gelen\/Giden\/Dahili \u00c7a\u011fr\u0131 Raporlar\u0131 Dahili \u0130statistikleri Sistem Durum G\u00f6r\u00fcnt\u00fcleme \u00c7a\u011fr\u0131 Y\u00f6netimi Telekonferans Y\u00f6netimi \u015eube ve Departman Y\u00f6netimi Acil Durum Senaryo \/ Y\u00f6nlendirme Geli\u015fmi\u015f API Servisi Mobil Uygulama APP Konum [&hellip;]<\/p>\n","protected":false},"featured_media":7959,"comment_status":"open","ping_status":"closed","template":"","meta":[],"product_brand":[],"product_cat":[123],"product_tag":[],"class_list":{"0":"post-7958","1":"product","2":"type-product","3":"status-publish","4":"has-post-thumbnail","6":"product_cat-jettel-yazilimlari","8":"first","9":"outofstock","10":"shipping-taxable","11":"purchasable","12":"product-type-simple"},"_links":{"self":[{"href":"https:\/\/market.jettel.com.tr\/tr\/wp-json\/wp\/v2\/product\/7958","targetHints":{"allow":["GET"]}}],"collection":[{"href":"https:\/\/market.jettel.com.tr\/tr\/wp-json\/wp\/v2\/product"}],"about":[{"href":"https:\/\/market.jettel.com.tr\/tr\/wp-json\/wp\/v2\/types\/product"}],"replies":[{"embeddable":true,"href":"https:\/\/market.jettel.com.tr\/tr\/wp-json\/wp\/v2\/comments?post=7958"}],"wp:featuredmedia":[{"embeddable":true,"href":"https:\/\/market.jettel.com.tr\/tr\/wp-json\/wp\/v2\/media\/7959"}],"wp:attachment":[{"href":"https:\/\/market.jettel.com.tr\/tr\/wp-json\/wp\/v2\/media?parent=7958"}],"wp:term":[{"taxonomy":"product_brand","embeddable":true,"href":"https:\/\/market.jettel.com.tr\/tr\/wp-json\/wp\/v2\/product_brand?post=7958"},{"taxonomy":"product_cat","embeddable":true,"href":"https:\/\/market.jettel.com.tr\/tr\/wp-json\/wp\/v2\/product_cat?post=7958"},{"taxonomy":"product_tag","embeddable":true,"href":"https:\/\/market.jettel.com.tr\/tr\/wp-json\/wp\/v2\/product_tag?post=7958"}],"curies":[{"name":"wp","href":"https:\/\/api.w.org\/{rel}","templated":true}]}}